{"id":1301,"date":"2022-04-04T18:47:25","date_gmt":"2022-04-04T18:47:25","guid":{"rendered":"http:\/\/321jedem.cz\/?page_id=1301"},"modified":"2022-04-22T10:28:26","modified_gmt":"2022-04-22T10:28:26","slug":"pro-firmy","status":"publish","type":"page","link":"https:\/\/321jedem.cz\/home\/pro-firmy\/","title":{"rendered":"Pro firmy"},"content":{"rendered":"\t\t<div data-elementor-type=\"wp-page\" data-elementor-id=\"1301\" class=\"elementor elementor-1301\" data-elementor-settings=\"[]\">\n\t\t\t\t\t\t\t<div class=\"elementor-section-wrap\">\n\t\t\t\t\t\t\t<section class=\"elementor-section elementor-top-section elementor-element elementor-element-b378750 elementor-section-height-full elementor-hidden-mobile elementor-hidden-tablet elementor-section-boxed elementor-section-height-default elementor-section-items-middle\" data-id=\"b378750\" data-element_type=\"section\" data-settings=\"{&quot;background_background&quot;:&quot;classic&quot;}\">\n\t\t\t\t\t\t<div class=\"elementor-container elementor-column-gap-default\">\n\t\t\t\t\t<div class=\"elementor-column elementor-col-100 elementor-top-column elementor-element elementor-element-d65e644\" data-id=\"d65e644\" data-element_type=\"column\">\n\t\t\t<div class=\"elementor-widget-wrap elementor-element-populated\">\n\t\t\t\t\t\t\t\t<section class=\"elementor-section elementor-inner-section elementor-element elementor-element-0b2710d elementor-section-boxed elementor-section-height-default elementor-section-height-default\" data-id=\"0b2710d\" data-element_type=\"section\">\n\t\t\t\t\t\t<div class=\"elementor-container elementor-column-gap-default\">\n\t\t\t\t\t<div class=\"elementor-column elementor-col-50 elementor-inner-column elementor-element elementor-element-5737811\" data-id=\"5737811\" data-element_type=\"column\">\n\t\t\t<div class=\"elementor-widget-wrap elementor-element-populated\">\n\t\t\t\t\t\t\t\t<div class=\"elementor-element elementor-element-14d021a elementor-widget elementor-widget-heading\" data-id=\"14d021a\" data-element_type=\"widget\" data-widget_type=\"heading.default\">\n\t\t\t\t<div class=\"elementor-widget-container\">\n\t\t\t<style>\/*! elementor - v3.5.4 - 23-01-2022 *\/\n.elementor-heading-title{padding:0;margin:0;line-height:1}.elementor-widget-heading .elementor-heading-title[class*=elementor-size-]>a{color:inherit;font-size:inherit;line-height:inherit}.elementor-widget-heading .elementor-heading-title.elementor-size-small{font-size:15px}.elementor-widget-heading .elementor-heading-title.elementor-size-medium{font-size:19px}.elementor-widget-heading .elementor-heading-title.elementor-size-large{font-size:29px}.elementor-widget-heading .elementor-heading-title.elementor-size-xl{font-size:39px}.elementor-widget-heading .elementor-heading-title.elementor-size-xxl{font-size:59px}<\/style><p class=\"elementor-heading-title elementor-size-default\">3-2-1 jedem<br>\nna firemn\u00ed akci<\/p>\t\t<\/div>\n\t\t\t\t<\/div>\n\t\t\t\t<div class=\"elementor-element elementor-element-017352b elementor-widget elementor-widget-heading\" data-id=\"017352b\" data-element_type=\"widget\" data-widget_type=\"heading.default\">\n\t\t\t\t<div class=\"elementor-widget-container\">\n\t\t\t<p class=\"elementor-heading-title elementor-size-default\">Zpest\u0159ete si firemn\u00ed akci \u010di teambuilding improviza\u010dn\u00ed show 3-2-1 JEDEM! a nechte se pobavit i strhnout kouzlem neo\u010dek\u00e1van\u00e9ho.\nHosta v\u00e1m bu\u010f p\u0159ivedeme nebo ho m\u016f\u017eete vybrat sami \u2013 t\u0159eba va\u0161eho gener\u00e1ln\u00edho \u0159editele\u2026\n<\/p>\t\t<\/div>\n\t\t\t\t<\/div>\n\t\t\t\t\t<\/div>\n\t\t<\/div>\n\t\t\t\t<div class=\"elementor-column elementor-col-50 elementor-inner-column elementor-element elementor-element-9e79479\" data-id=\"9e79479\" data-element_type=\"column\">\n\t\t\t<div class=\"elementor-widget-wrap\">\n\t\t\t\t\t\t\t\t\t<\/div>\n\t\t<\/div>\n\t\t\t\t\t\t\t<\/div>\n\t\t<\/section>\n\t\t\t\t<section class=\"elementor-section elementor-inner-section elementor-element elementor-element-201a4d5 elementor-section-boxed elementor-section-height-default elementor-section-height-default\" data-id=\"201a4d5\" data-element_type=\"section\">\n\t\t\t\t\t\t<div class=\"elementor-container elementor-column-gap-default\">\n\t\t\t\t\t<div class=\"elementor-column elementor-col-50 elementor-inner-column elementor-element elementor-element-3590301\" data-id=\"3590301\" data-element_type=\"column\">\n\t\t\t<div class=\"elementor-widget-wrap elementor-element-populated\">\n\t\t\t\t\t\t\t\t<div class=\"elementor-element elementor-element-ed8b2bf elementor-widget elementor-widget-heading\" data-id=\"ed8b2bf\" data-element_type=\"widget\" data-widget_type=\"heading.default\">\n\t\t\t\t<div class=\"elementor-widget-container\">\n\t\t\t<p class=\"elementor-heading-title elementor-size-default\">Napi\u0161te n\u00e1m<\/p>\t\t<\/div>\n\t\t\t\t<\/div>\n\t\t\t\t\t<\/div>\n\t\t<\/div>\n\t\t\t\t<div class=\"elementor-column elementor-col-50 elementor-inner-column elementor-element elementor-element-bb395ac\" data-id=\"bb395ac\" data-element_type=\"column\">\n\t\t\t<div class=\"elementor-widget-wrap\">\n\t\t\t\t\t\t\t\t\t<\/div>\n\t\t<\/div>\n\t\t\t\t\t\t\t<\/div>\n\t\t<\/section>\n\t\t\t\t<section class=\"elementor-section elementor-inner-section elementor-element elementor-element-9a19c20 elementor-section-boxed elementor-section-height-default elementor-section-height-default\" data-id=\"9a19c20\" data-element_type=\"section\">\n\t\t\t\t\t\t<div class=\"elementor-container elementor-column-gap-default\">\n\t\t\t\t\t<div class=\"elementor-column elementor-col-50 elementor-inner-column elementor-element elementor-element-bea5fb7\" data-id=\"bea5fb7\" data-element_type=\"column\">\n\t\t\t<div class=\"elementor-widget-wrap elementor-element-populated\">\n\t\t\t\t\t\t\t\t<div class=\"elementor-element elementor-element-eb57f39 elementor-widget elementor-widget-heading\" data-id=\"eb57f39\" data-element_type=\"widget\" data-widget_type=\"heading.default\">\n\t\t\t\t<div class=\"elementor-widget-container\">\n\t\t\t<h2 class=\"elementor-heading-title elementor-size-default\"><a href=\"mailto:nikola@321jedem.cz\">nikola@321jedem.cz<\/a><\/h2>\t\t<\/div>\n\t\t\t\t<\/div>\n\t\t\t\t<div class=\"elementor-element elementor-element-7f9d725 elementor-widget elementor-widget-heading\" data-id=\"7f9d725\" data-element_type=\"widget\" data-widget_type=\"heading.default\">\n\t\t\t\t<div class=\"elementor-widget-container\">\n\t\t\t<h2 class=\"elementor-heading-title elementor-size-default\">+420 777 263 886<\/h2>\t\t<\/div>\n\t\t\t\t<\/div>\n\t\t\t\t<div class=\"elementor-element elementor-element-2e70817 elementor-widget elementor-widget-image\" data-id=\"2e70817\" data-element_type=\"widget\" data-widget_type=\"image.default\">\n\t\t\t\t<div class=\"elementor-widget-container\">\n\t\t\t<style>\/*! elementor - v3.5.4 - 23-01-2022 *\/\n.elementor-widget-image{text-align:center}.elementor-widget-image a{display:inline-block}.elementor-widget-image a img[src$=\".svg\"]{width:48px}.elementor-widget-image img{vertical-align:middle;display:inline-block}<\/style>\t\t\t\t\t\t\t\t\t\t\t\t<img decoding=\"async\" loading=\"lazy\" width=\"150\" height=\"150\" src=\"https:\/\/321jedem.cz\/wp-content\/uploads\/2022\/02\/qr-kontakt-150x150.png\" class=\"attachment-thumbnail size-thumbnail\" alt=\"\" srcset=\"https:\/\/321jedem.cz\/wp-content\/uploads\/2022\/02\/qr-kontakt-150x150.png 150w, https:\/\/321jedem.cz\/wp-content\/uploads\/2022\/02\/qr-kontakt-300x300.png 300w, https:\/\/321jedem.cz\/wp-content\/uploads\/2022\/02\/qr-kontakt-768x768.png 768w, https:\/\/321jedem.cz\/wp-content\/uploads\/2022\/02\/qr-kontakt.png 969w\" sizes=\"(max-width: 150px) 100vw, 150px\" \/>\t\t\t\t\t\t\t\t\t\t\t\t\t\t\t<\/div>\n\t\t\t\t<\/div>\n\t\t\t\t\t<\/div>\n\t\t<\/div>\n\t\t\t\t<div class=\"elementor-column elementor-col-50 elementor-inner-column elementor-element elementor-element-6f74267\" data-id=\"6f74267\" data-element_type=\"column\">\n\t\t\t<div class=\"elementor-widget-wrap\">\n\t\t\t\t\t\t\t\t\t<\/div>\n\t\t<\/div>\n\t\t\t\t\t\t\t<\/div>\n\t\t<\/section>\n\t\t\t\t\t<\/div>\n\t\t<\/div>\n\t\t\t\t\t\t\t<\/div>\n\t\t<\/section>\n\t\t\t\t<section class=\"elementor-section elementor-top-section elementor-element elementor-element-2de7f72 elementor-hidden-desktop elementor-section-boxed elementor-section-height-default elementor-section-height-default\" data-id=\"2de7f72\" data-element_type=\"section\">\n\t\t\t\t\t\t<div class=\"elementor-container elementor-column-gap-default\">\n\t\t\t\t\t<div class=\"elementor-column elementor-col-100 elementor-top-column elementor-element elementor-element-3507d3f\" data-id=\"3507d3f\" data-element_type=\"column\">\n\t\t\t<div class=\"elementor-widget-wrap elementor-element-populated\">\n\t\t\t\t\t\t\t\t<div class=\"elementor-element elementor-element-5b1b148 elementor-widget elementor-widget-heading\" data-id=\"5b1b148\" data-element_type=\"widget\" data-widget_type=\"heading.default\">\n\t\t\t\t<div class=\"elementor-widget-container\">\n\t\t\t<p class=\"elementor-heading-title elementor-size-default\">3-2-1jedem<br>\nna firemn\u00ed akci<\/p>\t\t<\/div>\n\t\t\t\t<\/div>\n\t\t\t\t<div class=\"elementor-element elementor-element-8f301be elementor-widget elementor-widget-heading\" data-id=\"8f301be\" data-element_type=\"widget\" data-widget_type=\"heading.default\">\n\t\t\t\t<div class=\"elementor-widget-container\">\n\t\t\t<p class=\"elementor-heading-title elementor-size-default\">Zpest\u0159ete si firemn\u00ed akci \u010di teambuilding improviza\u010dn\u00ed show 3-2-1 JEDEM! a nechte se pobavit i strhnout kouzlem neo\u010dek\u00e1van\u00e9ho.\nHosta v\u00e1m bu\u010f p\u0159ivedeme nebo ho m\u016f\u017eete vybrat sami \u2013 t\u0159eba va\u0161eho gener\u00e1ln\u00edho \u0159editele\u2026\n<\/p>\t\t<\/div>\n\t\t\t\t<\/div>\n\t\t\t\t<div class=\"elementor-element elementor-element-2503c80 elementor-widget elementor-widget-heading\" data-id=\"2503c80\" data-element_type=\"widget\" data-widget_type=\"heading.default\">\n\t\t\t\t<div class=\"elementor-widget-container\">\n\t\t\t<p class=\"elementor-heading-title elementor-size-default\">Napi\u0161te n\u00e1m<\/p>\t\t<\/div>\n\t\t\t\t<\/div>\n\t\t\t\t<div class=\"elementor-element elementor-element-34757aa elementor-widget elementor-widget-heading\" data-id=\"34757aa\" data-element_type=\"widget\" data-widget_type=\"heading.default\">\n\t\t\t\t<div class=\"elementor-widget-container\">\n\t\t\t<h2 class=\"elementor-heading-title elementor-size-default\"><a href=\"mailto:nikola@321jedem.cz\">nikola@321jedem.cz<\/a><\/h2>\t\t<\/div>\n\t\t\t\t<\/div>\n\t\t\t\t<div class=\"elementor-element elementor-element-77d8797 elementor-widget elementor-widget-heading\" data-id=\"77d8797\" data-element_type=\"widget\" data-widget_type=\"heading.default\">\n\t\t\t\t<div class=\"elementor-widget-container\">\n\t\t\t<h2 class=\"elementor-heading-title elementor-size-default\">+420 777 263 886<\/h2>\t\t<\/div>\n\t\t\t\t<\/div>\n\t\t\t\t\t<\/div>\n\t\t<\/div>\n\t\t\t\t\t\t\t<\/div>\n\t\t<\/section>\n\t\t\t\t<section class=\"elementor-section elementor-top-section elementor-element elementor-element-172e941 elementor-hidden-desktop elementor-section-boxed elementor-section-height-default elementor-section-height-default\" data-id=\"172e941\" data-element_type=\"section\">\n\t\t\t\t\t\t<div class=\"elementor-container elementor-column-gap-default\">\n\t\t\t\t\t<div class=\"elementor-column elementor-col-100 elementor-top-column elementor-element elementor-element-92f9556\" data-id=\"92f9556\" data-element_type=\"column\">\n\t\t\t<div class=\"elementor-widget-wrap elementor-element-populated\">\n\t\t\t\t\t\t\t\t<div class=\"elementor-element elementor-element-57d1627 elementor-widget elementor-widget-image\" data-id=\"57d1627\" data-element_type=\"widget\" data-widget_type=\"image.default\">\n\t\t\t\t<div class=\"elementor-widget-container\">\n\t\t\t\t\t\t\t\t\t\t\t\t\t\t\t<img decoding=\"async\" loading=\"lazy\" width=\"791\" height=\"791\" src=\"https:\/\/321jedem.cz\/wp-content\/uploads\/2022\/02\/nikola2.jpg\" class=\"attachment-full size-full\" alt=\"\" srcset=\"https:\/\/321jedem.cz\/wp-content\/uploads\/2022\/02\/nikola2.jpg 791w, https:\/\/321jedem.cz\/wp-content\/uploads\/2022\/02\/nikola2-300x300.jpg 300w, https:\/\/321jedem.cz\/wp-content\/uploads\/2022\/02\/nikola2-150x150.jpg 150w, https:\/\/321jedem.cz\/wp-content\/uploads\/2022\/02\/nikola2-768x768.jpg 768w\" sizes=\"(max-width: 791px) 100vw, 791px\" \/>\t\t\t\t\t\t\t\t\t\t\t\t\t\t\t<\/div>\n\t\t\t\t<\/div>\n\t\t\t\t\t<\/div>\n\t\t<\/div>\n\t\t\t\t\t\t\t<\/div>\n\t\t<\/section>\n\t\t\t\t\t\t<\/div>\n\t\t\t\t\t<\/div>\n\t\t","protected":false},"excerpt":{"rendered":"<p>3-2-1 jedem na firemn\u00ed akci Zpest\u0159ete si firemn\u00ed akci \u010di teambuilding improviza\u010dn\u00ed show 3-2-1 JEDEM! a nechte se pobavit i strhnout kouzlem neo\u010dek\u00e1van\u00e9ho. Hosta v\u00e1m bu\u010f p\u0159ivedeme nebo ho m\u016f\u017eete vybrat sami \u2013 t\u0159eba va\u0161eho gener\u00e1ln\u00edho \u0159editele\u2026 Napi\u0161te n\u00e1m nikola@321jedem.cz +420 777 263 886 3-2-1jedem na firemn\u00ed akci Zpest\u0159ete si firemn\u00ed akci \u010di teambuilding improviza\u010dn\u00ed [&hellip;]<\/p>\n","protected":false},"author":1,"featured_media":0,"parent":0,"menu_order":0,"comment_status":"closed","ping_status":"closed","template":"elementor_header_footer","meta":{"footnotes":""},"_links":{"self":[{"href":"https:\/\/321jedem.cz\/home\/wp-json\/wp\/v2\/pages\/1301"}],"collection":[{"href":"https:\/\/321jedem.cz\/home\/wp-json\/wp\/v2\/pages"}],"about":[{"href":"https:\/\/321jedem.cz\/home\/wp-json\/wp\/v2\/types\/page"}],"author":[{"embeddable":true,"href":"https:\/\/321jedem.cz\/home\/wp-json\/wp\/v2\/users\/1"}],"replies":[{"embeddable":true,"href":"https:\/\/321jedem.cz\/home\/wp-json\/wp\/v2\/comments?post=1301"}],"version-history":[{"count":40,"href":"https:\/\/321jedem.cz\/home\/wp-json\/wp\/v2\/pages\/1301\/revisions"}],"predecessor-version":[{"id":1481,"href":"https:\/\/321jedem.cz\/home\/wp-json\/wp\/v2\/pages\/1301\/revisions\/1481"}],"wp:attachment":[{"href":"https:\/\/321jedem.cz\/home\/wp-json\/wp\/v2\/media?parent=1301"}],"curies":[{"name":"wp","href":"https:\/\/api.w.org\/{rel}","templated":true}]}}